{"id":1108,"date":"2023-12-01T14:33:27","date_gmt":"2023-12-01T14:33:27","guid":{"rendered":"https:\/\/cryotrucks.com\/kontakt\/"},"modified":"2025-08-26T13:54:23","modified_gmt":"2025-08-26T13:54:23","slug":"kontakt","status":"publish","type":"page","link":"https:\/\/cryotrucks.com\/de\/kontakt\/","title":{"rendered":"Kontakt"},"content":{"rendered":"\t\t<div data-elementor-type=\"wp-page\" data-elementor-id=\"1108\" class=\"elementor elementor-1108 elementor-423\" data-elementor-post-type=\"page\">\n\t\t\t\t\t\t<section class=\"elementor-section elementor-top-section elementor-element elementor-element-0a7cb3b elementor-section-full_width elementor-section-height-min-height elementor-section-items-bottom elementor-section-height-default\" data-id=\"0a7cb3b\" data-element_type=\"section\" data-e-type=\"section\" data-settings=\"{&quot;background_background&quot;:&quot;classic&quot;}\">\n\t\t\t\t\t\t\t<div class=\"elementor-background-overlay\"><\/div>\n\t\t\t\t\t\t\t<div class=\"elementor-container elementor-column-gap-default\">\n\t\t\t\t\t<div class=\"elementor-column elementor-col-100 elementor-top-column elementor-element elementor-element-8cb013e\" data-id=\"8cb013e\" data-element_type=\"column\" data-e-type=\"column\">\n\t\t\t<div class=\"elementor-widget-wrap elementor-element-populated\">\n\t\t\t\t\t\t<div class=\"elementor-element elementor-element-931f3fe elementor-widget elementor-widget-heading\" data-id=\"931f3fe\" data-element_type=\"widget\" data-e-type=\"widget\" data-widget_type=\"heading.default\">\n\t\t\t\t<div class=\"elementor-widget-container\">\n\t\t\t\t\t<h2 class=\"elementor-heading-title elementor-size-default\">Der Ma\u00dfstab f\u00fcr innovative und nachhaltige L\u00f6sungen im Bereich der K\u00fchlfahrzeuge.<\/h2>\t\t\t\t<\/div>\n\t\t\t\t<\/div>\n\t\t\t\t\t<\/div>\n\t\t<\/div>\n\t\t\t\t\t<\/div>\n\t\t<\/section>\n\t\t\t\t<section class=\"elementor-section elementor-top-section elementor-element elementor-element-4329ea1 elementor-section-full_width elementor-section-height-default elementor-section-height-default\" data-id=\"4329ea1\" data-element_type=\"section\" data-e-type=\"section\" data-settings=\"{&quot;background_background&quot;:&quot;classic&quot;}\">\n\t\t\t\t\t\t<div class=\"elementor-container elementor-column-gap-default\">\n\t\t\t\t\t<div class=\"elementor-column elementor-col-50 elementor-top-column elementor-element elementor-element-a73d6eb\" data-id=\"a73d6eb\" data-element_type=\"column\" data-e-type=\"column\">\n\t\t\t<div class=\"elementor-widget-wrap elementor-element-populated\">\n\t\t\t\t\t\t<div class=\"elementor-element elementor-element-083af3d elementor-widget elementor-widget-heading\" data-id=\"083af3d\" data-element_type=\"widget\" data-e-type=\"widget\" data-widget_type=\"heading.default\">\n\t\t\t\t<div class=\"elementor-widget-container\">\n\t\t\t\t\t<h2 class=\"elementor-heading-title elementor-size-default\">CRYOTRUCKS \u00ae <\/h2>\t\t\t\t<\/div>\n\t\t\t\t<\/div>\n\t\t\t\t<div class=\"elementor-element elementor-element-06ef68f elementor-icon-list--layout-traditional elementor-list-item-link-full_width elementor-widget elementor-widget-icon-list\" data-id=\"06ef68f\" data-element_type=\"widget\" data-e-type=\"widget\" data-widget_type=\"icon-list.default\">\n\t\t\t\t<div class=\"elementor-widget-container\">\n\t\t\t\t\t\t\t<ul class=\"elementor-icon-list-items\">\n\t\t\t\t\t\t\t<li class=\"elementor-icon-list-item\">\n\t\t\t\t\t\t\t\t\t\t\t<a href=\"https:\/\/www.google.com\/maps\/place\/Via+Quari+Destra,+19,+37044+Cologna+Veneta+VR\/@45.2980371,11.3938309,17z\/data=!3m1!4b1!4m6!3m5!1s0x477f15d39d9f30c1:0x5c2fcd45c64a3b49!8m2!3d45.2980371!4d11.3964112!16s%2Fg%2F11qn853c9h?entry=ttu\">\n\n\t\t\t\t\t\t\t\t\t\t\t<span class=\"elementor-icon-list-text\">Via Quari Destra, 19, 37044 Cologna V.<\/span>\n\t\t\t\t\t\t\t\t\t\t\t<\/a>\n\t\t\t\t\t\t\t\t\t<\/li>\n\t\t\t\t\t\t\t\t<li class=\"elementor-icon-list-item\">\n\t\t\t\t\t\t\t\t\t\t\t<a href=\"tel:+39%200442%20412753\">\n\n\t\t\t\t\t\t\t\t\t\t\t<span class=\"elementor-icon-list-text\">Tel: +39 3758550667<\/span>\n\t\t\t\t\t\t\t\t\t\t\t<\/a>\n\t\t\t\t\t\t\t\t\t<\/li>\n\t\t\t\t\t\t\t\t<li class=\"elementor-icon-list-item\">\n\t\t\t\t\t\t\t\t\t\t<span class=\"elementor-icon-list-text\">E-Mail: info@cryotrucks.com<\/span>\n\t\t\t\t\t\t\t\t\t<\/li>\n\t\t\t\t\t\t<\/ul>\n\t\t\t\t\t\t<\/div>\n\t\t\t\t<\/div>\n\t\t\t\t<div class=\"elementor-element elementor-element-be9ddb9 elementor-widget elementor-widget-heading\" data-id=\"be9ddb9\" data-element_type=\"widget\" data-e-type=\"widget\" data-widget_type=\"heading.default\">\n\t\t\t\t<div class=\"elementor-widget-container\">\n\t\t\t\t\t<h2 class=\"elementor-heading-title elementor-size-default\">CRYOTRUCKS \u00ae Schweizer<\/h2>\t\t\t\t<\/div>\n\t\t\t\t<\/div>\n\t\t\t\t<div class=\"elementor-element elementor-element-e956bb5 elementor-icon-list--layout-traditional elementor-list-item-link-full_width elementor-widget elementor-widget-icon-list\" data-id=\"e956bb5\" data-element_type=\"widget\" data-e-type=\"widget\" data-widget_type=\"icon-list.default\">\n\t\t\t\t<div class=\"elementor-widget-container\">\n\t\t\t\t\t\t\t<ul class=\"elementor-icon-list-items\">\n\t\t\t\t\t\t\t<li class=\"elementor-icon-list-item\">\n\t\t\t\t\t\t\t\t\t\t\t<a href=\"https:\/\/www.google.com\/maps\/place\/Baslerstrasse+77,+4600+Olten,+Svizzera\/@47.3549584,7.8990983,17z\/data=!3m1!4b1!4m6!3m5!1s0x479031b66d9ff20b:0x8cef16901203aebd!8m2!3d47.3549584!4d7.9016786!16s%2Fg%2F11c5d_hjrp?entry=ttu\">\n\n\t\t\t\t\t\t\t\t\t\t\t<span class=\"elementor-icon-list-text\">Hasliring 1, CH-6032 Emmen<\/span>\n\t\t\t\t\t\t\t\t\t\t\t<\/a>\n\t\t\t\t\t\t\t\t\t<\/li>\n\t\t\t\t\t\t\t\t<li class=\"elementor-icon-list-item\">\n\t\t\t\t\t\t\t\t\t\t<span class=\"elementor-icon-list-text\">E-Mail: info@cryotrucks.com<\/span>\n\t\t\t\t\t\t\t\t\t<\/li>\n\t\t\t\t\t\t<\/ul>\n\t\t\t\t\t\t<\/div>\n\t\t\t\t<\/div>\n\t\t\t\t\t<\/div>\n\t\t<\/div>\n\t\t\t\t<div class=\"elementor-column elementor-col-50 elementor-top-column elementor-element elementor-element-8c24cbc\" data-id=\"8c24cbc\" data-element_type=\"column\" data-e-type=\"column\">\n\t\t\t<div class=\"elementor-widget-wrap elementor-element-populated\">\n\t\t\t\t\t\t<div class=\"elementor-element elementor-element-5bcfc26 elementor-widget elementor-widget-heading\" data-id=\"5bcfc26\" data-element_type=\"widget\" data-e-type=\"widget\" data-widget_type=\"heading.default\">\n\t\t\t\t<div class=\"elementor-widget-container\">\n\t\t\t\t\t<h2 class=\"elementor-heading-title elementor-size-default\">Kontaktieren Sie uns f\u00fcr weitere Informationen<\/h2>\t\t\t\t<\/div>\n\t\t\t\t<\/div>\n\t\t\t\t<div class=\"elementor-element elementor-element-a0fd421 elementor-button-align-start elementor-widget elementor-widget-form\" data-id=\"a0fd421\" data-element_type=\"widget\" data-e-type=\"widget\" data-settings=\"{&quot;step_next_label&quot;:&quot;Weiter&quot;,&quot;step_previous_label&quot;:&quot;Vorherige&quot;,&quot;button_width&quot;:&quot;100&quot;,&quot;step_type&quot;:&quot;number_text&quot;,&quot;step_icon_shape&quot;:&quot;circle&quot;}\" data-widget_type=\"form.default\">\n\t\t\t\t<div class=\"elementor-widget-container\">\n\t\t\t\t\t\t\t<form class=\"elementor-form\" method=\"post\" name=\"Kontakt-Formular\" aria-label=\"Kontakt-Formular\">\n\t\t\t<input type=\"hidden\" name=\"post_id\" value=\"1108\"\/>\n\t\t\t<input type=\"hidden\" name=\"form_id\" value=\"a0fd421\"\/>\n\t\t\t<input type=\"hidden\" name=\"referer_title\" value=\"Kontakt - Cryotrucks\" \/>\n\n\t\t\t\t\t\t\t<input type=\"hidden\" name=\"queried_id\" value=\"1108\"\/>\n\t\t\t\n\t\t\t<div class=\"elementor-form-fields-wrapper elementor-labels-\">\n\t\t\t\t\t\t\t\t<div class=\"elementor-field-type-text elementor-field-group elementor-column elementor-field-group-name elementor-col-50 elementor-field-required\">\n\t\t\t\t\t\t\t\t\t\t\t\t<label for=\"form-field-name\" class=\"elementor-field-label elementor-screen-only\">\n\t\t\t\t\t\t\t\tName\t\t\t\t\t\t\t<\/label>\n\t\t\t\t\t\t\t\t\t\t\t\t\t\t<input size=\"1\" type=\"text\" name=\"form_fields[name]\" id=\"form-field-name\" class=\"elementor-field elementor-size-sm  elementor-field-textual\" placeholder=\"Name\" required=\"required\">\n\t\t\t\t\t\t\t\t\t\t\t<\/div>\n\t\t\t\t\t\t\t\t<div class=\"elementor-field-type-text elementor-field-group elementor-column elementor-field-group-field_dac5547 elementor-col-50 elementor-field-required\">\n\t\t\t\t\t\t\t\t\t\t\t\t\t<input size=\"1\" type=\"text\" name=\"form_fields[field_dac5547]\" id=\"form-field-field_dac5547\" class=\"elementor-field elementor-size-sm  elementor-field-textual\" placeholder=\"Nachname\" required=\"required\">\n\t\t\t\t\t\t\t\t\t\t\t<\/div>\n\t\t\t\t\t\t\t\t<div class=\"elementor-field-type-email elementor-field-group elementor-column elementor-field-group-email elementor-col-100 elementor-field-required\">\n\t\t\t\t\t\t\t\t\t\t\t\t<label for=\"form-field-email\" class=\"elementor-field-label elementor-screen-only\">\n\t\t\t\t\t\t\t\tE-Mail\t\t\t\t\t\t\t<\/label>\n\t\t\t\t\t\t\t\t\t\t\t\t\t\t<input size=\"1\" type=\"email\" name=\"form_fields[email]\" id=\"form-field-email\" class=\"elementor-field elementor-size-sm  elementor-field-textual\" placeholder=\"E-Mail\" required=\"required\">\n\t\t\t\t\t\t\t\t\t\t\t<\/div>\n\t\t\t\t\t\t\t\t<div class=\"elementor-field-type-tel elementor-field-group elementor-column elementor-field-group-field_d89884a elementor-col-100 elementor-field-required\">\n\t\t\t\t\t\t\t\t\t\t\t\t<label for=\"form-field-field_d89884a\" class=\"elementor-field-label elementor-screen-only\">\n\t\t\t\t\t\t\t\tTelefon\t\t\t\t\t\t\t<\/label>\n\t\t\t\t\t\t\t\t<input size=\"1\" type=\"tel\" name=\"form_fields[field_d89884a]\" id=\"form-field-field_d89884a\" class=\"elementor-field elementor-size-sm  elementor-field-textual\" placeholder=\"Telefon\" required=\"required\" pattern=\"[0-9()#&amp;+*-=.]+\" title=\"Nur Nummern oder Telefon-Zeichen (#, -, *, etc) werden akzeptiert.\">\n\n\t\t\t\t\t\t<\/div>\n\t\t\t\t\t\t\t\t<div class=\"elementor-field-type-text elementor-field-group elementor-column elementor-field-group-Azienda elementor-col-50 elementor-field-required\">\n\t\t\t\t\t\t\t\t\t\t\t\t<label for=\"form-field-Azienda\" class=\"elementor-field-label elementor-screen-only\">\n\t\t\t\t\t\t\t\tUnternehmen\t\t\t\t\t\t\t<\/label>\n\t\t\t\t\t\t\t\t\t\t\t\t\t\t<input size=\"1\" type=\"text\" name=\"form_fields[Azienda]\" id=\"form-field-Azienda\" class=\"elementor-field elementor-size-sm  elementor-field-textual\" placeholder=\"Unternehmen\" required=\"required\">\n\t\t\t\t\t\t\t\t\t\t\t<\/div>\n\t\t\t\t\t\t\t\t<div class=\"elementor-field-type-text elementor-field-group elementor-column elementor-field-group-field_36e2c29 elementor-col-50 elementor-field-required\">\n\t\t\t\t\t\t\t\t\t\t\t\t\t<input size=\"1\" type=\"text\" name=\"form_fields[field_36e2c29]\" id=\"form-field-field_36e2c29\" class=\"elementor-field elementor-size-sm  elementor-field-textual\" placeholder=\"MwSt.-Nr.\" required=\"required\">\n\t\t\t\t\t\t\t\t\t\t\t<\/div>\n\t\t\t\t\t\t\t\t<div class=\"elementor-field-type-textarea elementor-field-group elementor-column elementor-field-group-message elementor-col-100\">\n\t\t\t\t\t\t\t\t\t\t\t\t<label for=\"form-field-message\" class=\"elementor-field-label elementor-screen-only\">\n\t\t\t\t\t\t\t\tNachricht\t\t\t\t\t\t\t<\/label>\n\t\t\t\t\t\t<textarea class=\"elementor-field-textual elementor-field  elementor-size-sm\" name=\"form_fields[message]\" id=\"form-field-message\" rows=\"4\" placeholder=\"Nachricht\"><\/textarea>\t\t\t\t<\/div>\n\t\t\t\t\t\t\t\t<div class=\"elementor-field-type-acceptance elementor-field-group elementor-column elementor-field-group-field_52c4e9c elementor-col-100 elementor-field-required\">\n\t\t\t\t\t\t\t<div class=\"elementor-field-subgroup\">\n\t\t\t<span class=\"elementor-field-option\">\n\t\t\t\t<input type=\"checkbox\" name=\"form_fields[field_52c4e9c]\" id=\"form-field-field_52c4e9c\" class=\"elementor-field elementor-size-sm  elementor-acceptance-field\" required=\"required\">\n\t\t\t\t<label for=\"form-field-field_52c4e9c\">  Ich stimme der Verarbeitung meiner Daten zu und erkl\u00e4re, dass ich die <a href=\"https:\/\/www.iubenda.com\/privacy-policy\/72162185\" style=\"color:#ffffff; font-weight:700\">Datenschutzrichtlinie <\/a>(D.Lgs2016\/679) gelesen habe.\n<\/label>\t\t\t<\/span>\n\t\t<\/div>\n\t\t\t\t\t\t<\/div>\n\t\t\t\t\t\t\t\t<div class=\"elementor-field-type-recaptcha_v3 elementor-field-group elementor-column elementor-field-group-field_ff97a77 elementor-col-100 recaptcha_v3-bottomright\">\n\t\t\t\t\t<div class=\"elementor-field\" id=\"form-field-field_ff97a77\"><div class=\"elementor-g-recaptcha\" data-sitekey=\"6Ld8mhIpAAAAADdr-yJbwF3U1AcL_UzfTBYTXqPk\" data-type=\"v3\" data-action=\"Form\" data-badge=\"bottomright\" data-size=\"invisible\"><\/div><\/div>\t\t\t\t<\/div>\n\t\t\t\t\t\t\t\t<div class=\"elementor-field-group elementor-column elementor-field-type-submit elementor-col-100 e-form__buttons\">\n\t\t\t\t\t<button class=\"elementor-button elementor-size-sm\" type=\"submit\">\n\t\t\t\t\t\t<span class=\"elementor-button-content-wrapper\">\n\t\t\t\t\t\t\t\t\t\t\t\t\t\t\t\t\t\t\t\t\t\t<span class=\"elementor-button-text\">Anfrage senden<\/span>\n\t\t\t\t\t\t\t\t\t\t\t\t\t<\/span>\n\t\t\t\t\t<\/button>\n\t\t\t\t<\/div>\n\t\t\t<\/div>\n\t\t<\/form>\n\t\t\t\t\t\t<\/div>\n\t\t\t\t<\/div>\n\t\t\t\t\t<\/div>\n\t\t<\/div>\n\t\t\t\t\t<\/div>\n\t\t<\/section>\n\t\t\t\t<\/div>\n\t\t","protected":false},"excerpt":{"rendered":"<p>Der Ma\u00dfstab f\u00fcr innovative und nachhaltige L\u00f6sungen im Bereich der K\u00fchlfahrzeuge. CRYOTRUCKS \u00ae Via Quari Destra, 19, 37044 Cologna V. Tel: +39 3758550667 E-Mail: info@cryotrucks.com CRYOTRUCKS \u00ae Schweizer Hasliring 1, CH-6032 Emmen E-Mail: info@cryotrucks.com Kontaktieren Sie uns f\u00fcr weitere Informationen<\/p>\n","protected":false},"author":1,"featured_media":968,"parent":0,"menu_order":0,"comment_status":"closed","ping_status":"closed","template":"","meta":{"footnotes":""},"class_list":["post-1108","page","type-page","status-publish","has-post-thumbnail","hentry"],"yoast_head":"<!-- This site is optimized with the Yoast SEO plugin v27.4 - https:\/\/yoast.com\/product\/yoast-seo-wordpress\/ -->\n<title>Kontakt - Cryotrucks<\/title>\n<meta name=\"robots\" content=\"index, follow, max-snippet:-1, max-image-preview:large, max-video-preview:-1\" \/>\n<link rel=\"canonical\" href=\"https:\/\/cryotrucks.com\/de\/kontakt\/\" \/>\n<meta property=\"og:locale\" content=\"de_DE\" \/>\n<meta property=\"og:type\" content=\"article\" \/>\n<meta property=\"og:title\" content=\"Kontakt - Cryotrucks\" \/>\n<meta property=\"og:description\" content=\"Der Ma\u00dfstab f\u00fcr innovative und nachhaltige L\u00f6sungen im Bereich der K\u00fchlfahrzeuge. CRYOTRUCKS \u00ae Via Quari Destra, 19, 37044 Cologna V. Tel: +39 3758550667 E-Mail: info@cryotrucks.com CRYOTRUCKS \u00ae Schweizer Hasliring 1, CH-6032 Emmen E-Mail: info@cryotrucks.com Kontaktieren Sie uns f\u00fcr weitere Informationen\" \/>\n<meta property=\"og:url\" content=\"https:\/\/cryotrucks.com\/de\/kontakt\/\" \/>\n<meta property=\"og:site_name\" content=\"Cryotrucks\" \/>\n<meta property=\"article:publisher\" content=\"https:\/\/www.facebook.com\/cryotruck\/\" \/>\n<meta property=\"article:modified_time\" content=\"2025-08-26T13:54:23+00:00\" \/>\n<meta property=\"og:image\" content=\"https:\/\/cryotrucks.com\/wp-content\/uploads\/2023\/11\/contatti-cryotrucks.jpg\" \/>\n\t<meta property=\"og:image:width\" content=\"1500\" \/>\n\t<meta property=\"og:image:height\" content=\"1000\" \/>\n\t<meta property=\"og:image:type\" content=\"image\/jpeg\" \/>\n<meta name=\"twitter:card\" content=\"summary_large_image\" \/>\n<meta name=\"twitter:label1\" content=\"Gesch\u00e4tzte Lesezeit\" \/>\n\t<meta name=\"twitter:data1\" content=\"1\u00a0Minute\" \/>\n<script type=\"application\/ld+json\" class=\"yoast-schema-graph\">{\"@context\":\"https:\\\/\\\/schema.org\",\"@graph\":[{\"@type\":\"WebPage\",\"@id\":\"https:\\\/\\\/cryotrucks.com\\\/de\\\/kontakt\\\/\",\"url\":\"https:\\\/\\\/cryotrucks.com\\\/de\\\/kontakt\\\/\",\"name\":\"Kontakt - Cryotrucks\",\"isPartOf\":{\"@id\":\"https:\\\/\\\/cryotrucks.com\\\/de\\\/#website\"},\"primaryImageOfPage\":{\"@id\":\"https:\\\/\\\/cryotrucks.com\\\/de\\\/kontakt\\\/#primaryimage\"},\"image\":{\"@id\":\"https:\\\/\\\/cryotrucks.com\\\/de\\\/kontakt\\\/#primaryimage\"},\"thumbnailUrl\":\"https:\\\/\\\/cryotrucks.com\\\/wp-content\\\/uploads\\\/2023\\\/11\\\/contatti-cryotrucks.jpg\",\"datePublished\":\"2023-12-01T14:33:27+00:00\",\"dateModified\":\"2025-08-26T13:54:23+00:00\",\"breadcrumb\":{\"@id\":\"https:\\\/\\\/cryotrucks.com\\\/de\\\/kontakt\\\/#breadcrumb\"},\"inLanguage\":\"de\",\"potentialAction\":[{\"@type\":\"ReadAction\",\"target\":[\"https:\\\/\\\/cryotrucks.com\\\/de\\\/kontakt\\\/\"]}]},{\"@type\":\"ImageObject\",\"inLanguage\":\"de\",\"@id\":\"https:\\\/\\\/cryotrucks.com\\\/de\\\/kontakt\\\/#primaryimage\",\"url\":\"https:\\\/\\\/cryotrucks.com\\\/wp-content\\\/uploads\\\/2023\\\/11\\\/contatti-cryotrucks.jpg\",\"contentUrl\":\"https:\\\/\\\/cryotrucks.com\\\/wp-content\\\/uploads\\\/2023\\\/11\\\/contatti-cryotrucks.jpg\",\"width\":1500,\"height\":1000},{\"@type\":\"BreadcrumbList\",\"@id\":\"https:\\\/\\\/cryotrucks.com\\\/de\\\/kontakt\\\/#breadcrumb\",\"itemListElement\":[{\"@type\":\"ListItem\",\"position\":1,\"name\":\"Home\",\"item\":\"https:\\\/\\\/cryotrucks.com\\\/de\\\/\"},{\"@type\":\"ListItem\",\"position\":2,\"name\":\"Kontakt\"}]},{\"@type\":\"WebSite\",\"@id\":\"https:\\\/\\\/cryotrucks.com\\\/de\\\/#website\",\"url\":\"https:\\\/\\\/cryotrucks.com\\\/de\\\/\",\"name\":\"Cryotrucks\",\"description\":\"\",\"publisher\":{\"@id\":\"https:\\\/\\\/cryotrucks.com\\\/de\\\/#organization\"},\"potentialAction\":[{\"@type\":\"SearchAction\",\"target\":{\"@type\":\"EntryPoint\",\"urlTemplate\":\"https:\\\/\\\/cryotrucks.com\\\/de\\\/?s={search_term_string}\"},\"query-input\":{\"@type\":\"PropertyValueSpecification\",\"valueRequired\":true,\"valueName\":\"search_term_string\"}}],\"inLanguage\":\"de\"},{\"@type\":\"Organization\",\"@id\":\"https:\\\/\\\/cryotrucks.com\\\/de\\\/#organization\",\"name\":\"Cryotrucks\",\"url\":\"https:\\\/\\\/cryotrucks.com\\\/de\\\/\",\"logo\":{\"@type\":\"ImageObject\",\"inLanguage\":\"de\",\"@id\":\"https:\\\/\\\/cryotrucks.com\\\/de\\\/#\\\/schema\\\/logo\\\/image\\\/\",\"url\":\"https:\\\/\\\/cryotrucks.com\\\/wp-content\\\/uploads\\\/2023\\\/11\\\/cryotrucks-logo.png\",\"contentUrl\":\"https:\\\/\\\/cryotrucks.com\\\/wp-content\\\/uploads\\\/2023\\\/11\\\/cryotrucks-logo.png\",\"width\":3839,\"height\":1102,\"caption\":\"Cryotrucks\"},\"image\":{\"@id\":\"https:\\\/\\\/cryotrucks.com\\\/de\\\/#\\\/schema\\\/logo\\\/image\\\/\"},\"sameAs\":[\"https:\\\/\\\/www.facebook.com\\\/cryotruck\\\/\"]}]}<\/script>\n<!-- \/ Yoast SEO plugin. -->","yoast_head_json":{"title":"Kontakt - Cryotrucks","robots":{"index":"index","follow":"follow","max-snippet":"max-snippet:-1","max-image-preview":"max-image-preview:large","max-video-preview":"max-video-preview:-1"},"canonical":"https:\/\/cryotrucks.com\/de\/kontakt\/","og_locale":"de_DE","og_type":"article","og_title":"Kontakt - Cryotrucks","og_description":"Der Ma\u00dfstab f\u00fcr innovative und nachhaltige L\u00f6sungen im Bereich der K\u00fchlfahrzeuge. CRYOTRUCKS \u00ae Via Quari Destra, 19, 37044 Cologna V. Tel: +39 3758550667 E-Mail: info@cryotrucks.com CRYOTRUCKS \u00ae Schweizer Hasliring 1, CH-6032 Emmen E-Mail: info@cryotrucks.com Kontaktieren Sie uns f\u00fcr weitere Informationen","og_url":"https:\/\/cryotrucks.com\/de\/kontakt\/","og_site_name":"Cryotrucks","article_publisher":"https:\/\/www.facebook.com\/cryotruck\/","article_modified_time":"2025-08-26T13:54:23+00:00","og_image":[{"width":1500,"height":1000,"url":"https:\/\/cryotrucks.com\/wp-content\/uploads\/2023\/11\/contatti-cryotrucks.jpg","type":"image\/jpeg"}],"twitter_card":"summary_large_image","twitter_misc":{"Gesch\u00e4tzte Lesezeit":"1\u00a0Minute"},"schema":{"@context":"https:\/\/schema.org","@graph":[{"@type":"WebPage","@id":"https:\/\/cryotrucks.com\/de\/kontakt\/","url":"https:\/\/cryotrucks.com\/de\/kontakt\/","name":"Kontakt - Cryotrucks","isPartOf":{"@id":"https:\/\/cryotrucks.com\/de\/#website"},"primaryImageOfPage":{"@id":"https:\/\/cryotrucks.com\/de\/kontakt\/#primaryimage"},"image":{"@id":"https:\/\/cryotrucks.com\/de\/kontakt\/#primaryimage"},"thumbnailUrl":"https:\/\/cryotrucks.com\/wp-content\/uploads\/2023\/11\/contatti-cryotrucks.jpg","datePublished":"2023-12-01T14:33:27+00:00","dateModified":"2025-08-26T13:54:23+00:00","breadcrumb":{"@id":"https:\/\/cryotrucks.com\/de\/kontakt\/#breadcrumb"},"inLanguage":"de","potentialAction":[{"@type":"ReadAction","target":["https:\/\/cryotrucks.com\/de\/kontakt\/"]}]},{"@type":"ImageObject","inLanguage":"de","@id":"https:\/\/cryotrucks.com\/de\/kontakt\/#primaryimage","url":"https:\/\/cryotrucks.com\/wp-content\/uploads\/2023\/11\/contatti-cryotrucks.jpg","contentUrl":"https:\/\/cryotrucks.com\/wp-content\/uploads\/2023\/11\/contatti-cryotrucks.jpg","width":1500,"height":1000},{"@type":"BreadcrumbList","@id":"https:\/\/cryotrucks.com\/de\/kontakt\/#breadcrumb","itemListElement":[{"@type":"ListItem","position":1,"name":"Home","item":"https:\/\/cryotrucks.com\/de\/"},{"@type":"ListItem","position":2,"name":"Kontakt"}]},{"@type":"WebSite","@id":"https:\/\/cryotrucks.com\/de\/#website","url":"https:\/\/cryotrucks.com\/de\/","name":"Cryotrucks","description":"","publisher":{"@id":"https:\/\/cryotrucks.com\/de\/#organization"},"potentialAction":[{"@type":"SearchAction","target":{"@type":"EntryPoint","urlTemplate":"https:\/\/cryotrucks.com\/de\/?s={search_term_string}"},"query-input":{"@type":"PropertyValueSpecification","valueRequired":true,"valueName":"search_term_string"}}],"inLanguage":"de"},{"@type":"Organization","@id":"https:\/\/cryotrucks.com\/de\/#organization","name":"Cryotrucks","url":"https:\/\/cryotrucks.com\/de\/","logo":{"@type":"ImageObject","inLanguage":"de","@id":"https:\/\/cryotrucks.com\/de\/#\/schema\/logo\/image\/","url":"https:\/\/cryotrucks.com\/wp-content\/uploads\/2023\/11\/cryotrucks-logo.png","contentUrl":"https:\/\/cryotrucks.com\/wp-content\/uploads\/2023\/11\/cryotrucks-logo.png","width":3839,"height":1102,"caption":"Cryotrucks"},"image":{"@id":"https:\/\/cryotrucks.com\/de\/#\/schema\/logo\/image\/"},"sameAs":["https:\/\/www.facebook.com\/cryotruck\/"]}]}},"_links":{"self":[{"href":"https:\/\/cryotrucks.com\/de\/wp-json\/wp\/v2\/pages\/1108","targetHints":{"allow":["GET"]}}],"collection":[{"href":"https:\/\/cryotrucks.com\/de\/wp-json\/wp\/v2\/pages"}],"about":[{"href":"https:\/\/cryotrucks.com\/de\/wp-json\/wp\/v2\/types\/page"}],"author":[{"embeddable":true,"href":"https:\/\/cryotrucks.com\/de\/wp-json\/wp\/v2\/users\/1"}],"replies":[{"embeddable":true,"href":"https:\/\/cryotrucks.com\/de\/wp-json\/wp\/v2\/comments?post=1108"}],"version-history":[{"count":11,"href":"https:\/\/cryotrucks.com\/de\/wp-json\/wp\/v2\/pages\/1108\/revisions"}],"predecessor-version":[{"id":1985,"href":"https:\/\/cryotrucks.com\/de\/wp-json\/wp\/v2\/pages\/1108\/revisions\/1985"}],"wp:featuredmedia":[{"embeddable":true,"href":"https:\/\/cryotrucks.com\/de\/wp-json\/wp\/v2\/media\/968"}],"wp:attachment":[{"href":"https:\/\/cryotrucks.com\/de\/wp-json\/wp\/v2\/media?parent=1108"}],"curies":[{"name":"wp","href":"https:\/\/api.w.org\/{rel}","templated":true}]}}